{"id":5,"date":"2013-12-09T16:10:54","date_gmt":"2013-12-09T16:10:54","guid":{"rendered":"http:\/\/speedserv-es.com.br:7080\/portal\/?page_id=5"},"modified":"2014-08-20T16:15:40","modified_gmt":"2014-08-20T19:15:40","slug":"a-empresa","status":"publish","type":"page","link":"https:\/\/speedserv-es.com.br\/?page_id=5","title":{"rendered":"A EMPRESA"},"content":{"rendered":"<p>A Speed Serv, Presta\u00e7\u00e3o de Servi\u00e7os, atende o mercado capixaba h\u00e1 12 anos com marcante qualidade em suas a\u00e7\u00f5es. Localizada no bairro Vila Nova no munic\u00edpio de Vila Velha &#8211; ES , a Speed Serv oferece a solu\u00e7\u00e3o certa para diversos segmentos de mercado.<\/p>\n<p>Com experi\u00eancia e bom atendimento, a empresa alia a\u00e7\u00f5es estrat\u00e9gicas diferenciadas a um corpo de profissionais dedicados e bem preparados. Tudo isso pautado em uma pol\u00edtica de otimiza\u00e7\u00e3o constante em todas as etapas de atendimento e execu\u00e7\u00e3o dos servi\u00e7os.<\/p>\n<p>O mercado exige efici\u00eancia e agilidade. A Speed Serv j\u00e1 nasceu com esses conceitos porque, em sua cria\u00e7\u00e3o, seus fundadores entenderam, de antem\u00e3o, que para prosperar em um mercado competitivo \u00e9 necess\u00e1rio estar atualizado tecnologicamente, respeitar as leis e, sobretudo, ter seriedade. Conceito fundamental para a presta\u00e7\u00e3o de servi\u00e7os de qualidade.<\/p>\n","protected":false},"excerpt":{"rendered":"<p>A Speed Serv, Presta\u00e7\u00e3o de Servi\u00e7os, atende o mercado capixaba h\u00e1 12 anos com marcante qualidade em suas a\u00e7\u00f5es. Localizada no bairro Vila Nova no munic\u00edpio de Vila Velha &#8211; ES , a Speed Serv oferece a solu\u00e7\u00e3o certa para diversos segmentos de mercado. Com experi\u00eancia e bom atendimento, a empresa alia a\u00e7\u00f5es estrat\u00e9gicas diferenciadas [&hellip;]<\/p>\n","protected":false},"author":1,"featured_media":0,"parent":0,"menu_order":0,"comment_status":"open","ping_status":"closed","template":"empresa.php","meta":[],"_links":{"self":[{"href":"https:\/\/speedserv-es.com.br\/index.php?rest_route=\/wp\/v2\/pages\/5"}],"collection":[{"href":"https:\/\/speedserv-es.com.br\/index.php?rest_route=\/wp\/v2\/pages"}],"about":[{"href":"https:\/\/speedserv-es.com.br\/index.php?rest_route=\/wp\/v2\/types\/page"}],"author":[{"embeddable":true,"href":"https:\/\/speedserv-es.com.br\/index.php?rest_route=\/wp\/v2\/users\/1"}],"replies":[{"embeddable":true,"href":"https:\/\/speedserv-es.com.br\/index.php?rest_route=%2Fwp%2Fv2%2Fcomments&post=5"}],"version-history":[{"count":7,"href":"https:\/\/speedserv-es.com.br\/index.php?rest_route=\/wp\/v2\/pages\/5\/revisions"}],"predecessor-version":[{"id":70,"href":"https:\/\/speedserv-es.com.br\/index.php?rest_route=\/wp\/v2\/pages\/5\/revisions\/70"}],"wp:attachment":[{"href":"https:\/\/speedserv-es.com.br\/index.php?rest_route=%2Fwp%2Fv2%2Fmedia&parent=5"}],"curies":[{"name":"wp","href":"https:\/\/api.w.org\/{rel}","templated":true}]}}