{"id":7,"date":"2013-12-09T16:11:55","date_gmt":"2013-12-09T16:11:55","guid":{"rendered":"http:\/\/speedserv-es.com.br:7080\/portal\/?page_id=7"},"modified":"2014-08-20T16:19:08","modified_gmt":"2014-08-20T19:19:08","slug":"servicos","status":"publish","type":"page","link":"https:\/\/speedserv-es.com.br\/?page_id=7","title":{"rendered":"SERVI\u00c7OS"},"content":{"rendered":"<p>Um ambiente limpo e saud\u00e1vel \u00e9 essencial para o sucesso. A Speed Serv oferece os profissionais e materiais mais qualificados do mercado. Nossos colaboradores s\u00e3o treinados internamente, para que possam gerenciar diversos tipos de materiais com a qualidade e seriedade que o cliente merece.<\/p>\n<p>&nbsp;<\/p>\n<p><b><i>NOVIDADES<\/i><\/b><\/p>\n<p><i>\u00a0<\/i><\/p>\n<p><i>A Speed Serv desenvolveu um pacote de servi\u00e7os em Limpeza e Conserva\u00e7\u00e3o, exclusivo para atender as necessidades de clientes especiais de pequeno porte, tais como: lojas, escrit\u00f3rios, laborat\u00f3rios, consult\u00f3rios, etc. Criado para atender de forma personalizada, disponibilizamos \u00a0pacotes mensais com a possibilidade de contrata\u00e7\u00e3o dos servi\u00e7os entre 02, 03 e 05 vezes por semana, meio per\u00edodo ou per\u00edodo integral.<\/i><\/p>\n<p>&nbsp;<\/p>\n<p>&nbsp;<\/p>\n<p>Atuando nos servi\u00e7os p\u00fablicos e privados a Speed Serv exerce as seguintes atividades:<\/p>\n<p>&nbsp;<\/p>\n<p>. Limpeza e Conserva\u00e7\u00e3o<\/p>\n<p>. Limpeza predial<\/p>\n<p>. Higieniza\u00e7\u00e3o e Desinfec\u00e7\u00e3o hospitalar<\/p>\n<p>.\u00a0Servi\u00e7os de apoio<\/p>\n<p>.\u00a0Jardinagem<\/p>\n<p>.\u00a0Copeiragem<\/p>\n<p>.\u00a0Recep\u00e7\u00e3o<\/p>\n<p>.\u00a0Portaria<\/p>\n<p>.\u00a0Auxiliar de escrit\u00f3rio<\/p>\n<p>.\u00a0Ascensoristas<\/p>\n<p>.\u00a0Manuten\u00e7\u00e3o de \u00e1reas verdes<\/p>\n<p>. Limpeza de eventos, feiras e congressos<\/p>\n<p>&nbsp;<\/p>\n<p>&nbsp;<\/p>\n<p>J\u00e1 parou pra pensar quanto se gasta com a limpeza e danifica\u00e7\u00f5es de seu estabelecimento? Fa\u00e7a uma consulta com nossa empresa, e conhe\u00e7a os benef\u00edcios.<\/p>\n","protected":false},"excerpt":{"rendered":"<p>Um ambiente limpo e saud\u00e1vel \u00e9 essencial para o sucesso. A Speed Serv oferece os profissionais e materiais mais qualificados do mercado. Nossos colaboradores s\u00e3o treinados internamente, para que possam gerenciar diversos tipos de materiais com a qualidade e seriedade que o cliente merece. &nbsp; NOVIDADES \u00a0 A Speed Serv desenvolveu um pacote de servi\u00e7os [&hellip;]<\/p>\n","protected":false},"author":1,"featured_media":0,"parent":0,"menu_order":0,"comment_status":"open","ping_status":"open","template":"servicos.php","meta":[],"_links":{"self":[{"href":"https:\/\/speedserv-es.com.br\/index.php?rest_route=\/wp\/v2\/pages\/7"}],"collection":[{"href":"https:\/\/speedserv-es.com.br\/index.php?rest_route=\/wp\/v2\/pages"}],"about":[{"href":"https:\/\/speedserv-es.com.br\/index.php?rest_route=\/wp\/v2\/types\/page"}],"author":[{"embeddable":true,"href":"https:\/\/speedserv-es.com.br\/index.php?rest_route=\/wp\/v2\/users\/1"}],"replies":[{"embeddable":true,"href":"https:\/\/speedserv-es.com.br\/index.php?rest_route=%2Fwp%2Fv2%2Fcomments&post=7"}],"version-history":[{"count":25,"href":"https:\/\/speedserv-es.com.br\/index.php?rest_route=\/wp\/v2\/pages\/7\/revisions"}],"predecessor-version":[{"id":72,"href":"https:\/\/speedserv-es.com.br\/index.php?rest_route=\/wp\/v2\/pages\/7\/revisions\/72"}],"wp:attachment":[{"href":"https:\/\/speedserv-es.com.br\/index.php?rest_route=%2Fwp%2Fv2%2Fmedia&parent=7"}],"curies":[{"name":"wp","href":"https:\/\/api.w.org\/{rel}","templated":true}]}}